{"id":3,"date":"2023-04-15T18:59:08","date_gmt":"2023-04-15T18:59:08","guid":{"rendered":"https:\/\/aistaxconsulting.com\/?page_id=3"},"modified":"2024-11-04T00:59:32","modified_gmt":"2024-11-04T00:59:32","slug":"privacy-policy","status":"publish","type":"page","link":"https:\/\/aistaxconsulting.com\/es\/privacy-policy\/","title":{"rendered":"Privacy Policy"},"content":{"rendered":"\t\t<div data-elementor-type=\"wp-page\" data-elementor-id=\"3\" class=\"elementor elementor-3\">\n\t\t\t\t\t\t<section class=\"elementor-section elementor-top-section elementor-element elementor-element-06ab0c9 elementor-section-boxed elementor-section-height-default elementor-section-height-default\" data-id=\"06ab0c9\" data-element_type=\"section\" data-e-type=\"section\">\n\t\t\t\t\t\t<div class=\"elementor-container elementor-column-gap-default\">\n\t\t\t\t\t<div class=\"elementor-column elementor-col-100 elementor-top-column elementor-element elementor-element-f8d548b\" data-id=\"f8d548b\" data-element_type=\"column\" data-e-type=\"column\">\n\t\t\t<div class=\"elementor-widget-wrap elementor-element-populated\">\n\t\t\t\t\t\t<div class=\"elementor-element elementor-element-cbb7be4 elementor-widget elementor-widget-heading\" data-id=\"cbb7be4\" data-element_type=\"widget\" data-e-type=\"widget\" data-widget_type=\"heading.default\">\n\t\t\t\t<div class=\"elementor-widget-container\">\n\t\t\t\t\t<h1 class=\"elementor-heading-title elementor-size-default\">POLITICA DE PRIVACIDAD<\/h1>\t\t\t\t<\/div>\n\t\t\t\t<\/div>\n\t\t\t\t<div class=\"elementor-element elementor-element-7e22a2c elementor-widget elementor-widget-text-editor\" data-id=\"7e22a2c\" data-element_type=\"widget\" data-e-type=\"widget\" data-widget_type=\"text-editor.default\">\n\t\t\t\t<div class=\"elementor-widget-container\">\n\t\t\t\t\t\t\t\t\t<p><strong>\u00daltima Actualizaci\u00f3n : 06-05-2023<\/strong><\/p><p>\u00a0<\/p><p>Proteger su informaci\u00f3n privada es nuestra prioridad. Esta declaraci\u00f3n de privacidad se aplica a <a href=\"http:\/\/www.AISTax&amp;Consulting.com\">www.aistax&amp;consulting.com<\/a> \u00a0y AIS Tax &amp; Consulting, y rige la recopilaci\u00f3n y el uso de datos. A los efectos de esta Pol\u00edtica de privacidad, a menos que se indique lo contrario, todas las referencias a AIS tax &amp; Consulting Corp., incluyen\u00a0<a href=\"http:\/\/www.mjbetterbooks.com.\/\">www.aistax&amp;consulting.com.<\/a>\u00a0El sitio web de AIS Tax &amp; Consulting, es un sitio de noticias e informaci\u00f3n. Al utilizar el sitio web AIS tax &amp; Consulting Corp., usted acepta las pr\u00e1cticas relacionadas con los datos que se describen en esta declaraci\u00f3n.<\/p><p>\u00a0<\/p><h2><strong>Recopilaci\u00f3n de su informaci\u00f3n personal<\/strong><\/h2><p>Con el fin de brindarle mejor los productos y servicios que se ofrecen en nuestro Sitio, AIS tax &amp; Consulting Corp., puede recopilar informaci\u00f3n de identificaci\u00f3n personal, como su:<\/p><p>&#8211; Nombre y apellido<\/p><p>&#8211; Direcci\u00f3n de correo electr\u00f3nico<\/p><p>&#8211; N\u00famero de tel\u00e9fono<\/p><p>\u00a0<\/p><p>No recopilamos ninguna informaci\u00f3n personal sobre usted a menos que usted nos la proporcione voluntariamente. Sin embargo, es posible que se le solicite que nos brinde cierta informaci\u00f3n personal cuando elija utilizar ciertos productos o servicios disponibles en el Sitio. Estos pueden incluir: (a) registrarse para obtener una cuenta en nuestro Sitio; (b) participar en un sorteo o concurso patrocinado por nosotros o uno de nuestros socios; (c) suscribirse a ofertas especiales de terceros seleccionados; (d) envi\u00e1ndonos un mensaje de correo electr\u00f3nico; (e) enviar su tarjeta de cr\u00e9dito u otra informaci\u00f3n de pago al ordenar y comprar productos y servicios en nuestro Sitio. Es decir, utilizaremos su informaci\u00f3n para, entre otros, comunicarnos con usted en relaci\u00f3n con los servicios y \/ o productos que nos haya solicitado. Tambi\u00e9n podemos recopilar informaci\u00f3n adicional personal o no personal en el futuro.<\/p><p>\u00a0<\/p><h2><strong>Uso de su informaci\u00f3n personal<\/strong><\/h2><p>AIS tax &amp; Consulting Corp., recopila y utiliza su informaci\u00f3n personal para operar su (s) sitio (s) web y brindar los servicios que ha solicitado.<\/p><p>AIS tax &amp; Consulting Corp., tambi\u00e9n puede usar su informaci\u00f3n de identificaci\u00f3n personal para informarle de otros productos o servicios disponibles de AIS tax &amp; Consulting Corp., y sus afiliados.<\/p><p>\u00a0<\/p><h2><strong>Compartir informaci\u00f3n con terceros<\/strong><\/h2><p>AIS tax &amp; Consulting Corp., no vende, alquila ni cede sus listas de clientes a terceros.<\/p><p>AIS tax &amp; Consulting Corp., puede compartir datos con socios confiables para ayudar a realizar an\u00e1lisis estad\u00edsticos, enviarle correo electr\u00f3nico o correo postal, brindar soporte al cliente u organizar las entregas. Todos estos terceros tienen prohibido utilizar su informaci\u00f3n personal, excepto para proporcionar estos servicios a AIS tax &amp; Consulting Corp., y deben mantener la confidencialidad de su informaci\u00f3n.<\/p><p>AIS tax &amp; Consulting Corp., puede divulgar su informaci\u00f3n personal, sin previo aviso, si as\u00ed lo requiere la ley o si cree de buena fe que dicha acci\u00f3n es necesaria para: (a) cumplir con los edictos de la ley o cumplir con el proceso legal servido en AIS tax &amp; Consulting Corp., o en el sitio; (b) proteger y defender los derechos o la propiedad del AIS tax &amp; Consulting Corp., ; y \/ o (c) actuar bajo circunstancias apremiantes para proteger la seguridad personal de los usuarios de AIS tax &amp; Consulting Corp., o del p\u00fablico.<\/p><p>\u00a0<\/p><h2><strong>Seguimiento del comportamiento del usuario<\/strong><\/h2><p>AIS tax &amp; Consulting Corp., puede realizar un seguimiento de los sitios web y las p\u00e1ginas que visitan nuestros usuarios dentro de AIS tax &amp; Consulting Corp., para determinar qu\u00e9 servicios de AIS tax &amp; Consulting Corp., son los m\u00e1s populares. Estos datos se utilizan para entregar contenido personalizado y publicidad dentro de AIS tax &amp; Consulting Corp., a los clientes cuyo comportamiento indica que est\u00e1n interesados \u200b\u200ben un tema en particular.<\/p><p>\u00a0<\/p><h2><strong>Informaci\u00f3n recopilada autom\u00e1ticamente<\/strong><\/h2><p>AIS tax &amp; Consulting Corp., puede recopilar autom\u00e1ticamente informaci\u00f3n sobre el hardware y software de su computadora. Esta informaci\u00f3n puede incluir: su direcci\u00f3n IP, tipo de navegador, nombres de dominio, tiempos de acceso y direcciones de sitios web de referencia. Esta informaci\u00f3n se utiliza para el funcionamiento del servicio, para mantener la calidad del servicio y para proporcionar estad\u00edsticas generales sobre el uso del sitio web de AIS tax &amp; Consulting Corp.<\/p><p>\u00a0<\/p><h2><strong>Uso de cookies<\/strong><\/h2><p>El sitio web de AIS tax &amp; Consulting Corp., puede utilizar &#8220;cookies&#8221; para ayudarlo a personalizar su experiencia en l\u00ednea. Una cookie es un archivo de texto que un servidor de p\u00e1ginas web coloca en su disco duro. Las cookies no se pueden utilizar para ejecutar programas o enviar virus a su computadora. Las cookies se le asignan de forma exclusiva a usted y solo pueden ser le\u00eddas por un servidor web en el dominio que emiti\u00f3 la cookie.<\/p><p>Uno de los prop\u00f3sitos principales de las cookies es proporcionar una funci\u00f3n conveniente para ahorrarle tiempo. El prop\u00f3sito de una cookie es decirle al servidor web que ha regresado a una p\u00e1gina espec\u00edfica. Por ejemplo, si personaliza las p\u00e1ginas de AIS tax &amp; Consulting Corp., o se registra en el sitio o los servicios de AIS tax &amp; Consulting Corp., una cookie ayuda a AIS tax &amp; Consulting Corp., a recordar su informaci\u00f3n espec\u00edfica en visitas posteriores. Esto simplifica el proceso de registrar su informaci\u00f3n personal, como direcciones de facturaci\u00f3n, direcciones de env\u00edo, etc. Cuando regrese al mismo sitio web de AIS tax &amp; Consulting Corp., se puede recuperar la informaci\u00f3n que proporcion\u00f3 anteriormente, para que pueda utilizar f\u00e1cilmente las funciones de AIS tax &amp; Consulting Corp., que personaliz\u00f3.<\/p><p>Tiene la capacidad de aceptar o rechazar cookies. La mayor\u00eda de los navegadores web aceptan cookies autom\u00e1ticamente, pero normalmente puede modificar la configuraci\u00f3n de su navegador para rechazar las cookies si lo prefiere. Si elige rechazar las cookies, es posible que no pueda experimentar completamente las funciones interactivas de los servicios o sitios web de AIS tax &amp; Consulting Corp., que visite.<\/p><p>\u00a0<\/p><h2><strong>Enlaces<\/strong><\/h2><p>Este sitio web contiene enlaces a otros sitios. Tenga en cuenta que no somos responsables del contenido o las pr\u00e1cticas de privacidad de esos otros sitios. Alentamos a nuestros usuarios a estar atentos cuando abandonan nuestro sitio y a leer las declaraciones de privacidad de cualquier otro sitio que recopile informaci\u00f3n de identificaci\u00f3n personal.<\/p><p>\u00a0<\/p><h2><strong>Seguridad de su informaci\u00f3n personal<\/strong><\/h2><p>AIS tax &amp; Consulting Corp., protege su informaci\u00f3n personal frente al acceso, uso o divulgaci\u00f3n no autorizados. AIS tax &amp; Consulting Corp., utiliza los siguientes m\u00e9todos para este prop\u00f3sito:<\/p><p>&#8211; Protocolo SSL<\/p><p>Cuando la informaci\u00f3n personal (como el n\u00famero de una tarjeta de cr\u00e9dito) se transmite a otros sitios web, est\u00e1 protegida mediante el uso de cifrado, como el protocolo Secure Sockets Layer (SSL).<\/p><p>Nos esforzamos por tomar las medidas de seguridad adecuadas para proteger contra el acceso no autorizado o la alteraci\u00f3n de su informaci\u00f3n personal. Desafortunadamente, no se puede garantizar que la transmisi\u00f3n de datos a trav\u00e9s de Internet o cualquier red inal\u00e1mbrica sea 100% segura. Como resultado, mientras nos esforzamos por proteger su informaci\u00f3n personal, usted reconoce que: (a) existen limitaciones de seguridad y privacidad inherentes a Internet que est\u00e1n fuera de nuestro control; y (b) no se puede garantizar la seguridad, integridad y privacidad de toda la informaci\u00f3n y los datos intercambiados entre usted y nosotros a trav\u00e9s de este Sitio.<\/p><p>\u00a0<\/p><h2><strong>Derecho a supresi\u00f3n<\/strong><\/h2><p>Sujeto a ciertas excepciones que se establecen a continuaci\u00f3n, al recibir una solicitud verificable de usted, nosotros:<\/p><ul><li>Eliminar su informaci\u00f3n personal de nuestros registros; y<\/li><li>Indique a cualquier proveedor de servicios que elimine su informaci\u00f3n personal de sus registros.<\/li><\/ul><p>Tenga en cuenta que es posible que no podamos cumplir con las solicitudes para eliminar su informaci\u00f3n personal si es necesario para:<\/p><ul><li>Completar la transacci\u00f3n para la cual se recopil\u00f3 la informaci\u00f3n personal, cumplir con los t\u00e9rminos de una garant\u00eda escrita o retiro de producto realizado de acuerdo con la ley federal, proporcionar un bien o servicio solicitado por usted, o anticipado razonablemente dentro del contexto de nuestra relaci\u00f3n comercial en curso con usted, o ejecutar un contrato entre usted y nosotros;<\/li><li>Detectar incidentes de seguridad, protegerse contra actividades maliciosas, enga\u00f1osas, fraudulentas o ilegales; o enjuiciar a los responsables de esa actividad;<\/li><li>Depurar para identificar y reparar errores que perjudiquen la funcionalidad prevista existente;<\/li><li>Ejercer la libertad de expresi\u00f3n, garantizar el derecho de otro consumidor a ejercer su derecho a la libertad de expresi\u00f3n o ejercer otro derecho previsto por la ley;<\/li><li>Cumplir con la Ley de Privacidad de Comunicaciones Electr\u00f3nicas de California;<\/li><li>Participar en investigaciones cient\u00edficas, hist\u00f3ricas o estad\u00edsticas p\u00fablicas o revisadas por pares en el inter\u00e9s p\u00fablico que se adhieran a todas las dem\u00e1s leyes de \u00e9tica y privacidad aplicables, cuando es probable que nuestra eliminaci\u00f3n de la informaci\u00f3n haga imposible o perjudique seriamente el logro de dicha investigaci\u00f3n, siempre que hayamos obtenido su consentimiento informado;<\/li><li>Permitir \u00fanicamente usos internos que est\u00e9n razonablemente alineados con sus expectativas en funci\u00f3n de su relaci\u00f3n con nosotros;<\/li><li>Cumplir con una obligaci\u00f3n legal existente; o<\/li><li>Utilizar de otro modo su informaci\u00f3n personal, internamente, de una manera legal que sea compatible con el contexto en el que proporcion\u00f3 la informaci\u00f3n.<\/li><\/ul><p>\u00a0<\/p><h2><strong>Ni\u00f1os menores de trece a\u00f1os<\/strong><\/h2><p>AIS tax &amp; Consulting Corp., no recopila a sabiendas informaci\u00f3n de identificaci\u00f3n personal de ni\u00f1os menores de trece a\u00f1os. Si es menor de trece a\u00f1os, debe pedir permiso a sus padres o tutores para utilizar este sitio web.<\/p><p>\u00a0<\/p><h2><strong>Comunicaciones por correo electr\u00f3nico<\/strong><\/h2><p>De vez en cuando, AIS tax &amp; Consulting Corp., puede comunicarse con usted por correo electr\u00f3nico con el fin de proporcionar anuncios, ofertas promocionales, alertas, confirmaciones, encuestas y \/ u otra comunicaci\u00f3n general.<\/p><p>Si desea dejar de recibir comunicaciones de marketing o promocionales por correo electr\u00f3nico de AIS tax &amp; Consulting Corp., puede optar por no recibir dichas comunicaciones respondiendo STOP o haciendo clic en el bot\u00f3n Cancelar suscripci\u00f3n.<\/p><p>\u00a0<\/p><h2><strong>Cambios a esta declaraci\u00f3n<\/strong><\/h2><p>AIS tax &amp; Consulting Corp., se reserva el derecho de cambiar esta Pol\u00edtica de privacidad de vez en cuando. Le notificaremos sobre cambios significativos en la forma en que tratamos la informaci\u00f3n personal enviando un aviso a la direcci\u00f3n de correo electr\u00f3nico principal especificada en su cuenta, colocando un aviso destacado en nuestro sitio y \/ o actualizando cualquier informaci\u00f3n de privacidad en esta p\u00e1gina. Su uso continuado del Sitio y \/ o los Servicios disponibles a trav\u00e9s de este Sitio despu\u00e9s de tales modificaciones constituir\u00e1 su: (a) reconocimiento de la Pol\u00edtica de Privacidad modificada; y (b) el acuerdo de cumplir y estar sujeto a esa Pol\u00edtica.<\/p><p>\u00a0<\/p><h2><strong>Informaci\u00f3n del contacto<\/strong><\/h2><p>AIS tax &amp; Consulting Corp., agradece sus preguntas o comentarios con respecto a esta Declaraci\u00f3n de privacidad. Si cree que AIS tax &amp; Consulting Corp., no se ha adherido a esta Declaraci\u00f3n, comun\u00edquese con AIS tax &amp; Consulting Corp, en: \u00a0<\/p><p><br \/>AIS Tax &amp; Consulting Corp.\u00a0<\/p><p>Direcci\u00f3n de correo electr\u00f3nico:\u00a0info@aistaxconsulting.com<\/p><p>N\u00famero de Tel\u00e9fono: (781) 712-9405<\/p><p>N\u00famero de Fax: (781) 712-9407 \u00a0<\/p><p><br \/><br \/><\/p><p><strong><em>Efectivo a partir del 5 de junio de 2023<\/em><\/strong><\/p>\t\t\t\t\t\t\t\t<\/div>\n\t\t\t\t<\/div>\n\t\t\t\t\t<\/div>\n\t\t<\/div>\n\t\t\t\t\t<\/div>\n\t\t<\/section>\n\t\t\t\t<\/div>\n\t\t","protected":false},"excerpt":{"rendered":"<p>POLITICA DE PRIVACIDAD \u00daltima Actualizaci\u00f3n : 06-05-2023 \u00a0 Proteger su informaci\u00f3n privada es nuestra prioridad. Esta declaraci\u00f3n de privacidad se aplica a www.aistax&amp;consulting.com \u00a0y AIS Tax &amp; Consulting, y rige la recopilaci\u00f3n y el uso de datos. A los efectos de esta Pol\u00edtica de privacidad, a menos que se indique lo contrario, todas las referencias [&hellip;]<\/p>\n","protected":false},"author":1,"featured_media":0,"parent":0,"menu_order":0,"comment_status":"closed","ping_status":"open","template":"elementor_header_footer","meta":{"nf_dc_page":"","footnotes":""},"class_list":["post-3","page","type-page","status-publish","hentry"],"yoast_head":"<!-- This site is optimized with the Yoast SEO plugin v27.4 - https:\/\/yoast.com\/product\/yoast-seo-wordpress\/ -->\n<title>Privacy Policy - AIS Tax &amp; Consulting<\/title>\n<meta name=\"robots\" content=\"index, follow, max-snippet:-1, max-image-preview:large, max-video-preview:-1\" \/>\n<link rel=\"canonical\" href=\"https:\/\/aistaxconsulting.com\/es\/privacy-policy\/\" \/>\n<meta property=\"og:locale\" content=\"es_ES\" \/>\n<meta property=\"og:type\" content=\"article\" \/>\n<meta property=\"og:title\" content=\"Privacy Policy - AIS Tax &amp; Consulting\" \/>\n<meta property=\"og:description\" content=\"POLITICA DE PRIVACIDAD \u00daltima Actualizaci\u00f3n : 06-05-2023 \u00a0 Proteger su informaci\u00f3n privada es nuestra prioridad. Esta declaraci\u00f3n de privacidad se aplica a www.aistax&amp;consulting.com \u00a0y AIS Tax &amp; Consulting, y rige la recopilaci\u00f3n y el uso de datos. A los efectos de esta Pol\u00edtica de privacidad, a menos que se indique lo contrario, todas las referencias [&hellip;]\" \/>\n<meta property=\"og:url\" content=\"https:\/\/aistaxconsulting.com\/es\/privacy-policy\/\" \/>\n<meta property=\"og:site_name\" content=\"AIS Tax &amp; Consulting\" \/>\n<meta property=\"article:publisher\" content=\"https:\/\/www.facebook.com\/profile.php?id=100091985262217\" \/>\n<meta property=\"article:modified_time\" content=\"2024-11-04T00:59:32+00:00\" \/>\n<meta name=\"twitter:card\" content=\"summary_large_image\" \/>\n<meta name=\"twitter:label1\" content=\"Tiempo de lectura\" \/>\n\t<meta name=\"twitter:data1\" content=\"8 minutos\" \/>\n<script type=\"application\/ld+json\" class=\"yoast-schema-graph\">{\"@context\":\"https:\\\/\\\/schema.org\",\"@graph\":[{\"@type\":\"WebPage\",\"@id\":\"https:\\\/\\\/aistaxconsulting.com\\\/privacy-policy\\\/\",\"url\":\"https:\\\/\\\/aistaxconsulting.com\\\/privacy-policy\\\/\",\"name\":\"Privacy Policy - AIS Tax &amp; Consulting\",\"isPartOf\":{\"@id\":\"https:\\\/\\\/aistaxconsulting.com\\\/#website\"},\"datePublished\":\"2023-04-15T18:59:08+00:00\",\"dateModified\":\"2024-11-04T00:59:32+00:00\",\"breadcrumb\":{\"@id\":\"https:\\\/\\\/aistaxconsulting.com\\\/privacy-policy\\\/#breadcrumb\"},\"inLanguage\":\"es-CO\",\"potentialAction\":[{\"@type\":\"ReadAction\",\"target\":[\"https:\\\/\\\/aistaxconsulting.com\\\/privacy-policy\\\/\"]}]},{\"@type\":\"BreadcrumbList\",\"@id\":\"https:\\\/\\\/aistaxconsulting.com\\\/privacy-policy\\\/#breadcrumb\",\"itemListElement\":[{\"@type\":\"ListItem\",\"position\":1,\"name\":\"Home\",\"item\":\"https:\\\/\\\/aistaxconsulting.com\\\/\"},{\"@type\":\"ListItem\",\"position\":2,\"name\":\"Privacy Policy\"}]},{\"@type\":\"WebSite\",\"@id\":\"https:\\\/\\\/aistaxconsulting.com\\\/#website\",\"url\":\"https:\\\/\\\/aistaxconsulting.com\\\/\",\"name\":\"AIS Tax &amp; Consulting\",\"description\":\"Tax &amp; Consulting\",\"publisher\":{\"@id\":\"https:\\\/\\\/aistaxconsulting.com\\\/#organization\"},\"potentialAction\":[{\"@type\":\"SearchAction\",\"target\":{\"@type\":\"EntryPoint\",\"urlTemplate\":\"https:\\\/\\\/aistaxconsulting.com\\\/?s={search_term_string}\"},\"query-input\":{\"@type\":\"PropertyValueSpecification\",\"valueRequired\":true,\"valueName\":\"search_term_string\"}}],\"inLanguage\":\"es-CO\"},{\"@type\":\"Organization\",\"@id\":\"https:\\\/\\\/aistaxconsulting.com\\\/#organization\",\"name\":\"AIS Tax &amp; Consulting\",\"url\":\"https:\\\/\\\/aistaxconsulting.com\\\/\",\"logo\":{\"@type\":\"ImageObject\",\"inLanguage\":\"es-CO\",\"@id\":\"https:\\\/\\\/aistaxconsulting.com\\\/#\\\/schema\\\/logo\\\/image\\\/\",\"url\":\"https:\\\/\\\/aistaxconsulting.com\\\/wp-content\\\/uploads\\\/2023\\\/04\\\/AIS-TAX-AND-CONSULTING.png\",\"contentUrl\":\"https:\\\/\\\/aistaxconsulting.com\\\/wp-content\\\/uploads\\\/2023\\\/04\\\/AIS-TAX-AND-CONSULTING.png\",\"width\":1134,\"height\":487,\"caption\":\"AIS Tax &amp; Consulting\"},\"image\":{\"@id\":\"https:\\\/\\\/aistaxconsulting.com\\\/#\\\/schema\\\/logo\\\/image\\\/\"},\"sameAs\":[\"https:\\\/\\\/www.facebook.com\\\/profile.php?id=100091985262217\",\"https:\\\/\\\/instagram.com\\\/asitaxconsulting\"]}]}<\/script>\n<!-- \/ Yoast SEO plugin. -->","yoast_head_json":{"title":"Privacy Policy - AIS Tax &amp; Consulting","robots":{"index":"index","follow":"follow","max-snippet":"max-snippet:-1","max-image-preview":"max-image-preview:large","max-video-preview":"max-video-preview:-1"},"canonical":"https:\/\/aistaxconsulting.com\/es\/privacy-policy\/","og_locale":"es_ES","og_type":"article","og_title":"Privacy Policy - AIS Tax &amp; Consulting","og_description":"POLITICA DE PRIVACIDAD \u00daltima Actualizaci\u00f3n : 06-05-2023 \u00a0 Proteger su informaci\u00f3n privada es nuestra prioridad. Esta declaraci\u00f3n de privacidad se aplica a www.aistax&amp;consulting.com \u00a0y AIS Tax &amp; Consulting, y rige la recopilaci\u00f3n y el uso de datos. A los efectos de esta Pol\u00edtica de privacidad, a menos que se indique lo contrario, todas las referencias [&hellip;]","og_url":"https:\/\/aistaxconsulting.com\/es\/privacy-policy\/","og_site_name":"AIS Tax &amp; Consulting","article_publisher":"https:\/\/www.facebook.com\/profile.php?id=100091985262217","article_modified_time":"2024-11-04T00:59:32+00:00","twitter_card":"summary_large_image","twitter_misc":{"Tiempo de lectura":"8 minutos"},"schema":{"@context":"https:\/\/schema.org","@graph":[{"@type":"WebPage","@id":"https:\/\/aistaxconsulting.com\/privacy-policy\/","url":"https:\/\/aistaxconsulting.com\/privacy-policy\/","name":"Privacy Policy - AIS Tax &amp; Consulting","isPartOf":{"@id":"https:\/\/aistaxconsulting.com\/#website"},"datePublished":"2023-04-15T18:59:08+00:00","dateModified":"2024-11-04T00:59:32+00:00","breadcrumb":{"@id":"https:\/\/aistaxconsulting.com\/privacy-policy\/#breadcrumb"},"inLanguage":"es-CO","potentialAction":[{"@type":"ReadAction","target":["https:\/\/aistaxconsulting.com\/privacy-policy\/"]}]},{"@type":"BreadcrumbList","@id":"https:\/\/aistaxconsulting.com\/privacy-policy\/#breadcrumb","itemListElement":[{"@type":"ListItem","position":1,"name":"Home","item":"https:\/\/aistaxconsulting.com\/"},{"@type":"ListItem","position":2,"name":"Privacy Policy"}]},{"@type":"WebSite","@id":"https:\/\/aistaxconsulting.com\/#website","url":"https:\/\/aistaxconsulting.com\/","name":"AIS Tax &amp; Consulting","description":"Tax &amp; Consulting","publisher":{"@id":"https:\/\/aistaxconsulting.com\/#organization"},"potentialAction":[{"@type":"SearchAction","target":{"@type":"EntryPoint","urlTemplate":"https:\/\/aistaxconsulting.com\/?s={search_term_string}"},"query-input":{"@type":"PropertyValueSpecification","valueRequired":true,"valueName":"search_term_string"}}],"inLanguage":"es-CO"},{"@type":"Organization","@id":"https:\/\/aistaxconsulting.com\/#organization","name":"AIS Tax &amp; Consulting","url":"https:\/\/aistaxconsulting.com\/","logo":{"@type":"ImageObject","inLanguage":"es-CO","@id":"https:\/\/aistaxconsulting.com\/#\/schema\/logo\/image\/","url":"https:\/\/aistaxconsulting.com\/wp-content\/uploads\/2023\/04\/AIS-TAX-AND-CONSULTING.png","contentUrl":"https:\/\/aistaxconsulting.com\/wp-content\/uploads\/2023\/04\/AIS-TAX-AND-CONSULTING.png","width":1134,"height":487,"caption":"AIS Tax &amp; Consulting"},"image":{"@id":"https:\/\/aistaxconsulting.com\/#\/schema\/logo\/image\/"},"sameAs":["https:\/\/www.facebook.com\/profile.php?id=100091985262217","https:\/\/instagram.com\/asitaxconsulting"]}]}},"_links":{"self":[{"href":"https:\/\/aistaxconsulting.com\/es\/wp-json\/wp\/v2\/pages\/3","targetHints":{"allow":["GET"]}}],"collection":[{"href":"https:\/\/aistaxconsulting.com\/es\/wp-json\/wp\/v2\/pages"}],"about":[{"href":"https:\/\/aistaxconsulting.com\/es\/wp-json\/wp\/v2\/types\/page"}],"author":[{"embeddable":true,"href":"https:\/\/aistaxconsulting.com\/es\/wp-json\/wp\/v2\/users\/1"}],"replies":[{"embeddable":true,"href":"https:\/\/aistaxconsulting.com\/es\/wp-json\/wp\/v2\/comments?post=3"}],"version-history":[{"count":5,"href":"https:\/\/aistaxconsulting.com\/es\/wp-json\/wp\/v2\/pages\/3\/revisions"}],"predecessor-version":[{"id":656,"href":"https:\/\/aistaxconsulting.com\/es\/wp-json\/wp\/v2\/pages\/3\/revisions\/656"}],"wp:attachment":[{"href":"https:\/\/aistaxconsulting.com\/es\/wp-json\/wp\/v2\/media?parent=3"}],"curies":[{"name":"wp","href":"https:\/\/api.w.org\/{rel}","templated":true}]}}