{"id":827,"date":"2025-12-10T03:16:31","date_gmt":"2025-12-10T03:16:31","guid":{"rendered":"https:\/\/aistaxconsulting.com\/?page_id=827"},"modified":"2025-12-10T14:45:09","modified_gmt":"2025-12-10T14:45:09","slug":"agenda-tu-asesoria","status":"publish","type":"page","link":"https:\/\/aistaxconsulting.com\/en\/agenda-tu-asesoria\/","title":{"rendered":"Agenda tu asesor\u00eda"},"content":{"rendered":"\t\t<div data-elementor-type=\"wp-page\" data-elementor-id=\"827\" class=\"elementor elementor-827\">\n\t\t\t\t\t\t<section class=\"elementor-section elementor-top-section elementor-element elementor-element-34206ef8 elementor-section-boxed elementor-section-height-default elementor-section-height-default\" data-id=\"34206ef8\" data-element_type=\"section\" data-e-type=\"section\" data-settings=\"{&quot;background_background&quot;:&quot;classic&quot;}\">\n\t\t\t\t\t\t\t<div class=\"elementor-background-overlay\"><\/div>\n\t\t\t\t\t\t\t<div class=\"elementor-container elementor-column-gap-default\">\n\t\t\t\t\t<div class=\"elementor-column elementor-col-100 elementor-top-column elementor-element elementor-element-d1bb382\" data-id=\"d1bb382\" data-element_type=\"column\" data-e-type=\"column\">\n\t\t\t<div class=\"elementor-widget-wrap elementor-element-populated\">\n\t\t\t\t\t\t<div class=\"elementor-element elementor-element-8b9cc31 elementor-widget elementor-widget-heading\" data-id=\"8b9cc31\" data-element_type=\"widget\" data-e-type=\"widget\" data-widget_type=\"heading.default\">\n\t\t\t\t<div class=\"elementor-widget-container\">\n\t\t\t\t\t<h1 class=\"elementor-heading-title elementor-size-default\">AGENDA TU ASESOR\u00cdA<\/h1>\t\t\t\t<\/div>\n\t\t\t\t<\/div>\n\t\t\t\t\t<\/div>\n\t\t<\/div>\n\t\t\t\t\t<\/div>\n\t\t<\/section>\n\t\t\t\t<section class=\"elementor-section elementor-top-section elementor-element elementor-element-5b0ca2fb elementor-section-boxed elementor-section-height-default elementor-section-height-default\" data-id=\"5b0ca2fb\" data-element_type=\"section\" data-e-type=\"section\">\n\t\t\t\t\t\t\t<div class=\"elementor-background-overlay\"><\/div>\n\t\t\t\t\t\t\t<div class=\"elementor-container elementor-column-gap-default\">\n\t\t\t\t\t<div class=\"elementor-column elementor-col-100 elementor-top-column elementor-element elementor-element-146c38f8\" data-id=\"146c38f8\" data-element_type=\"column\" data-e-type=\"column\">\n\t\t\t<div class=\"elementor-widget-wrap elementor-element-populated\">\n\t\t\t\t\t\t<div class=\"elementor-element elementor-element-4e1368a7 elementor-widget elementor-widget-heading\" data-id=\"4e1368a7\" data-element_type=\"widget\" data-e-type=\"widget\" data-widget_type=\"heading.default\">\n\t\t\t\t<div class=\"elementor-widget-container\">\n\t\t\t\t\t<h2 class=\"elementor-heading-title elementor-size-default\">Con AIS Tax &amp; Consulting obt\u00e9n asesor\u00eda personalizada<\/h2>\t\t\t\t<\/div>\n\t\t\t\t<\/div>\n\t\t\t\t<div class=\"elementor-element elementor-element-4a168925 elementor-widget elementor-widget-text-editor\" data-id=\"4a168925\" data-element_type=\"widget\" data-e-type=\"widget\" data-widget_type=\"text-editor.default\">\n\t\t\t\t<div class=\"elementor-widget-container\">\n\t\t\t\t\t\t\t\t\t<p><strong data-start=\"454\" data-end=\"480\">Agenda tu asesor\u00eda hoy<\/strong> y descubre c\u00f3mo podemos ayudarte paso a paso.<\/p>\t\t\t\t\t\t\t\t<\/div>\n\t\t\t\t<\/div>\n\t\t\t\t\t<\/div>\n\t\t<\/div>\n\t\t\t\t\t<\/div>\n\t\t<\/section>\n\t\t\t\t<section class=\"elementor-section elementor-top-section elementor-element elementor-element-43f68c04 elementor-section-boxed elementor-section-height-default elementor-section-height-default\" data-id=\"43f68c04\" data-element_type=\"section\" data-e-type=\"section\">\n\t\t\t\t\t\t\t<div class=\"elementor-background-overlay\"><\/div>\n\t\t\t\t\t\t\t<div class=\"elementor-container elementor-column-gap-no\">\n\t\t\t\t\t<div class=\"elementor-column elementor-col-50 elementor-top-column elementor-element elementor-element-2d80fe22\" data-id=\"2d80fe22\" data-element_type=\"column\" data-e-type=\"column\" data-settings=\"{&quot;background_background&quot;:&quot;classic&quot;}\">\n\t\t\t<div class=\"elementor-widget-wrap elementor-element-populated\">\n\t\t\t\t\t\t<div class=\"elementor-element elementor-element-873ee5e elementor-widget elementor-widget-stepbooking\" data-id=\"873ee5e\" data-element_type=\"widget\" data-e-type=\"widget\" data-widget_type=\"stepbooking.default\">\n\t\t\t\t<div class=\"elementor-widget-container\">\n\t\t\t\t\t\n<script>\n  if (typeof hasAmeliaEntitiesApiCall === 'undefined' && ('' === '' && '' !== '1')) {\n    var hasAmeliaEntitiesApiCall = true;\n  }\n  var ameliaShortcodeData = (typeof ameliaShortcodeData === 'undefined') ? [] : ameliaShortcodeData;\n  ameliaShortcodeData.push(\n    {\n      'hasApiCall': (typeof hasAmeliaEntitiesApiCall !== 'undefined') && hasAmeliaEntitiesApiCall,\n      'trigger': '',\n      'trigger_type': '',\n      'triggered_form': 'sbsNew',\n      'in_dialog': '',\n      'show': '',\n      'counter': '1000',\n      'category': '',\n      'service': '',\n      'employee': '',\n      'location': '',\n      'package': '',\n      'layout': '1',\n    }\n  );\n\n  var ameliaShortcodeDataTriggered = (typeof ameliaShortcodeDataTriggered === 'undefined') ? [] : ameliaShortcodeDataTriggered;\n  if (ameliaShortcodeData[ameliaShortcodeData.length - 1].trigger !== '') {\n    if (ameliaShortcodeDataTriggered.filter(a => a.counter === ameliaShortcodeData[ameliaShortcodeData.length - 1].counter).length === 0) {\n      ameliaShortcodeDataTriggered.push(ameliaShortcodeData.pop());\n    } else {\n      ameliaShortcodeData.pop()\n    }\n  }\n  if (typeof hasAmeliaEntitiesApiCall !== 'undefined' && hasAmeliaEntitiesApiCall) {\n    hasAmeliaEntitiesApiCall = false;\n  }\n<\/script>\n\n<div\n  id=\"amelia-v2-booking-1000\"\n  class=\"amelia-v2-booking\"\n >\n    <step-form-wrapper><\/step-form-wrapper><\/div>\n\t\t\t\t<\/div>\n\t\t\t\t<\/div>\n\t\t\t\t\t<\/div>\n\t\t<\/div>\n\t\t\t\t<div class=\"elementor-column elementor-col-50 elementor-top-column elementor-element elementor-element-7f7b1ac2\" data-id=\"7f7b1ac2\" data-element_type=\"column\" data-e-type=\"column\" data-settings=\"{&quot;background_background&quot;:&quot;classic&quot;}\">\n\t\t\t<div class=\"elementor-widget-wrap elementor-element-populated\">\n\t\t\t\t\t\t<div class=\"elementor-element elementor-element-22386547 elementor-widget elementor-widget-spacer\" data-id=\"22386547\" data-element_type=\"widget\" data-e-type=\"widget\" data-widget_type=\"spacer.default\">\n\t\t\t\t<div class=\"elementor-widget-container\">\n\t\t\t\t\t\t\t<div class=\"elementor-spacer\">\n\t\t\t<div class=\"elementor-spacer-inner\"><\/div>\n\t\t<\/div>\n\t\t\t\t\t\t<\/div>\n\t\t\t\t<\/div>\n\t\t\t\t\t<\/div>\n\t\t<\/div>\n\t\t\t\t\t<\/div>\n\t\t<\/section>\n\t\t\t\t<section class=\"elementor-section elementor-top-section elementor-element elementor-element-7182435e elementor-section-boxed elementor-section-height-default elementor-section-height-default\" data-id=\"7182435e\" data-element_type=\"section\" data-e-type=\"section\">\n\t\t\t\t\t\t<div class=\"elementor-container elementor-column-gap-default\">\n\t\t\t\t\t<div class=\"elementor-column elementor-col-100 elementor-top-column elementor-element elementor-element-356df944\" data-id=\"356df944\" data-element_type=\"column\" data-e-type=\"column\">\n\t\t\t<div class=\"elementor-widget-wrap elementor-element-populated\">\n\t\t\t\t\t\t<section class=\"elementor-section elementor-inner-section elementor-element elementor-element-2d4972f elementor-section-boxed elementor-section-height-default elementor-section-height-default\" data-id=\"2d4972f\" data-element_type=\"section\" data-e-type=\"section\">\n\t\t\t\t\t\t<div class=\"elementor-container elementor-column-gap-no\">\n\t\t\t\t\t<div class=\"elementor-column elementor-col-25 elementor-inner-column elementor-element elementor-element-48f026c8 animated-slow elementor-invisible\" data-id=\"48f026c8\" data-element_type=\"column\" data-e-type=\"column\" data-settings=\"{&quot;animation&quot;:&quot;fadeInLeft&quot;,&quot;animation_delay&quot;:80}\">\n\t\t\t<div class=\"elementor-widget-wrap\">\n\t\t\t\t\t\t\t<\/div>\n\t\t<\/div>\n\t\t\t\t<div class=\"elementor-column elementor-col-25 elementor-inner-column elementor-element elementor-element-2ed07488 animated-slow elementor-invisible\" data-id=\"2ed07488\" data-element_type=\"column\" data-e-type=\"column\" data-settings=\"{&quot;animation&quot;:&quot;fadeInLeft&quot;,&quot;animation_delay&quot;:80}\">\n\t\t\t<div class=\"elementor-widget-wrap elementor-element-populated\">\n\t\t\t\t\t\t<div class=\"elementor-element elementor-element-7cc6d95a jkit-equal-height-disable elementor-widget elementor-widget-jkit_icon_box\" data-id=\"7cc6d95a\" data-element_type=\"widget\" data-e-type=\"widget\" data-widget_type=\"jkit_icon_box.default\">\n\t\t\t\t<div class=\"elementor-widget-container\">\n\t\t\t\t\t<div  class=\"jeg-elementor-kit jkit-icon-box icon-position- elementor-animation- jeg_module___69ea434fdb391\" ><a href=\"tel:781-712-9405\" class=\"icon-box-link\" aria-label=\"Read More\"><div class=\"jkit-icon-box-wrapper hover-from-left\"><div class=\"icon-box icon-box-header elementor-animation-float\"><div class=\"icon style-color\"><i aria-hidden=\"true\" class=\"jki jki-phone1-light\"><\/i><\/div><\/div><div class=\"icon-box icon-box-body\">\n                <h3 class=\"title\">Contacto<\/h3><p class=\"icon-box-description\">(781) 712-9405<\/p>\n            <\/div>\n            \n            <\/div><\/a><\/div>\t\t\t\t<\/div>\n\t\t\t\t<\/div>\n\t\t\t\t\t<\/div>\n\t\t<\/div>\n\t\t\t\t<div class=\"elementor-column elementor-col-25 elementor-inner-column elementor-element elementor-element-568fb0a3 animated-slow elementor-invisible\" data-id=\"568fb0a3\" data-element_type=\"column\" data-e-type=\"column\" data-settings=\"{&quot;animation&quot;:&quot;fadeInLeft&quot;,&quot;animation_delay&quot;:40}\">\n\t\t\t<div class=\"elementor-widget-wrap elementor-element-populated\">\n\t\t\t\t\t\t<div class=\"elementor-element elementor-element-1374cd5d jkit-equal-height-disable elementor-widget elementor-widget-jkit_icon_box\" data-id=\"1374cd5d\" data-element_type=\"widget\" data-e-type=\"widget\" data-widget_type=\"jkit_icon_box.default\">\n\t\t\t\t<div class=\"elementor-widget-container\">\n\t\t\t\t\t<div  class=\"jeg-elementor-kit jkit-icon-box icon-position- elementor-animation- jeg_module__1_69ea434fdbc79\" ><a href=\"mailto:info@aistaxconsulting.com\" class=\"icon-box-link\" aria-label=\"Read More\"><div class=\"jkit-icon-box-wrapper hover-from-left\"><div class=\"icon-box icon-box-header elementor-animation-float\"><div class=\"icon style-color\"><i aria-hidden=\"true\" class=\"jki jki-email1-light\"><\/i><\/div><\/div><div class=\"icon-box icon-box-body\">\n                <h3 class=\"title\">Email<\/h3><p class=\"icon-box-description\">info@aistaxconsulting.com<\/p>\n            <\/div>\n            \n            <\/div><\/a><\/div>\t\t\t\t<\/div>\n\t\t\t\t<\/div>\n\t\t\t\t\t<\/div>\n\t\t<\/div>\n\t\t\t\t<div class=\"elementor-column elementor-col-25 elementor-inner-column elementor-element elementor-element-6c1b10d8 animated-slow elementor-invisible\" data-id=\"6c1b10d8\" data-element_type=\"column\" data-e-type=\"column\" data-settings=\"{&quot;animation&quot;:&quot;fadeInRight&quot;,&quot;animation_delay&quot;:80}\">\n\t\t\t<div class=\"elementor-widget-wrap\">\n\t\t\t\t\t\t\t<\/div>\n\t\t<\/div>\n\t\t\t\t\t<\/div>\n\t\t<\/section>\n\t\t\t\t\t<\/div>\n\t\t<\/div>\n\t\t\t\t\t<\/div>\n\t\t<\/section>\n\t\t\t\t<section class=\"elementor-section elementor-top-section elementor-element elementor-element-1c7402f5 elementor-section-boxed elementor-section-height-default elementor-section-height-default\" data-id=\"1c7402f5\" data-element_type=\"section\" data-e-type=\"section\">\n\t\t\t\t\t\t<div class=\"elementor-container elementor-column-gap-default\">\n\t\t\t\t\t<div class=\"elementor-column elementor-col-100 elementor-top-column elementor-element elementor-element-d37b196\" data-id=\"d37b196\" data-element_type=\"column\" data-e-type=\"column\">\n\t\t\t<div class=\"elementor-widget-wrap elementor-element-populated\">\n\t\t\t\t\t\t<div class=\"elementor-element elementor-element-273886b9 elementor-hidden-tablet elementor-hidden-mobile elementor-widget elementor-widget-spacer\" data-id=\"273886b9\" data-element_type=\"widget\" data-e-type=\"widget\" data-widget_type=\"spacer.default\">\n\t\t\t\t<div class=\"elementor-widget-container\">\n\t\t\t\t\t\t\t<div class=\"elementor-spacer\">\n\t\t\t<div class=\"elementor-spacer-inner\"><\/div>\n\t\t<\/div>\n\t\t\t\t\t\t<\/div>\n\t\t\t\t<\/div>\n\t\t\t\t\t<\/div>\n\t\t<\/div>\n\t\t\t\t\t<\/div>\n\t\t<\/section>\n\t\t\t\t<section class=\"elementor-section elementor-top-section elementor-element elementor-element-76f94389 elementor-section-boxed elementor-section-height-default elementor-section-height-default\" data-id=\"76f94389\" data-element_type=\"section\" data-e-type=\"section\">\n\t\t\t\t\t\t<div class=\"elementor-container elementor-column-gap-default\">\n\t\t\t\t\t<div class=\"elementor-column elementor-col-100 elementor-top-column elementor-element elementor-element-37637771\" data-id=\"37637771\" data-element_type=\"column\" data-e-type=\"column\">\n\t\t\t<div class=\"elementor-widget-wrap elementor-element-populated\">\n\t\t\t\t\t\t<div class=\"elementor-element elementor-element-1d956b88 elementor-widget elementor-widget-spacer\" data-id=\"1d956b88\" data-element_type=\"widget\" data-e-type=\"widget\" data-widget_type=\"spacer.default\">\n\t\t\t\t<div class=\"elementor-widget-container\">\n\t\t\t\t\t\t\t<div class=\"elementor-spacer\">\n\t\t\t<div class=\"elementor-spacer-inner\"><\/div>\n\t\t<\/div>\n\t\t\t\t\t\t<\/div>\n\t\t\t\t<\/div>\n\t\t\t\t\t<\/div>\n\t\t<\/div>\n\t\t\t\t\t<\/div>\n\t\t<\/section>\n\t\t\t\t<\/div>\n\t\t","protected":false},"excerpt":{"rendered":"<p>AGENDA TU ASESOR\u00cdA Con AIS Tax &amp; Consulting obt\u00e9n asesor\u00eda personalizada Agenda tu asesor\u00eda hoy y descubre c\u00f3mo podemos ayudarte paso a paso. Contacto (781) 712-9405 Email info@aistaxconsulting.com<\/p>","protected":false},"author":1,"featured_media":0,"parent":0,"menu_order":0,"comment_status":"closed","ping_status":"closed","template":"elementor_header_footer","meta":{"nf_dc_page":"","footnotes":""},"class_list":["post-827","page","type-page","status-publish","hentry"],"yoast_head":"<!-- This site is optimized with the Yoast SEO plugin v27.4 - https:\/\/yoast.com\/product\/yoast-seo-wordpress\/ -->\n<title>Agenda tu asesor\u00eda - AIS Tax &amp; Consulting<\/title>\n<meta name=\"robots\" content=\"index, follow, max-snippet:-1, max-image-preview:large, max-video-preview:-1\" \/>\n<link rel=\"canonical\" href=\"https:\/\/aistaxconsulting.com\/en\/agenda-tu-asesoria\/\" \/>\n<meta property=\"og:locale\" content=\"en_US\" \/>\n<meta property=\"og:type\" content=\"article\" \/>\n<meta property=\"og:title\" content=\"Agenda tu asesor\u00eda - AIS Tax &amp; Consulting\" \/>\n<meta property=\"og:description\" content=\"AGENDA TU ASESOR\u00cdA Con AIS Tax &amp; Consulting obt\u00e9n asesor\u00eda personalizada Agenda tu asesor\u00eda hoy y descubre c\u00f3mo podemos ayudarte paso a paso. Contacto (781) 712-9405 Email info@aistaxconsulting.com\" \/>\n<meta property=\"og:url\" content=\"https:\/\/aistaxconsulting.com\/en\/agenda-tu-asesoria\/\" \/>\n<meta property=\"og:site_name\" content=\"AIS Tax &amp; Consulting\" \/>\n<meta property=\"article:publisher\" content=\"https:\/\/www.facebook.com\/profile.php?id=100091985262217\" \/>\n<meta property=\"article:modified_time\" content=\"2025-12-10T14:45:09+00:00\" \/>\n<meta name=\"twitter:card\" content=\"summary_large_image\" \/>\n<meta name=\"twitter:label1\" content=\"Est. reading time\" \/>\n\t<meta name=\"twitter:data1\" content=\"1 minute\" \/>\n<script type=\"application\/ld+json\" class=\"yoast-schema-graph\">{\"@context\":\"https:\\\/\\\/schema.org\",\"@graph\":[{\"@type\":\"WebPage\",\"@id\":\"https:\\\/\\\/aistaxconsulting.com\\\/agenda-tu-asesoria\\\/\",\"url\":\"https:\\\/\\\/aistaxconsulting.com\\\/agenda-tu-asesoria\\\/\",\"name\":\"Agenda tu asesor\u00eda - AIS Tax &amp; Consulting\",\"isPartOf\":{\"@id\":\"https:\\\/\\\/aistaxconsulting.com\\\/#website\"},\"datePublished\":\"2025-12-10T03:16:31+00:00\",\"dateModified\":\"2025-12-10T14:45:09+00:00\",\"breadcrumb\":{\"@id\":\"https:\\\/\\\/aistaxconsulting.com\\\/agenda-tu-asesoria\\\/#breadcrumb\"},\"inLanguage\":\"en-US\",\"potentialAction\":[{\"@type\":\"ReadAction\",\"target\":[\"https:\\\/\\\/aistaxconsulting.com\\\/agenda-tu-asesoria\\\/\"]}]},{\"@type\":\"BreadcrumbList\",\"@id\":\"https:\\\/\\\/aistaxconsulting.com\\\/agenda-tu-asesoria\\\/#breadcrumb\",\"itemListElement\":[{\"@type\":\"ListItem\",\"position\":1,\"name\":\"Home\",\"item\":\"https:\\\/\\\/aistaxconsulting.com\\\/\"},{\"@type\":\"ListItem\",\"position\":2,\"name\":\"Agenda tu asesor\u00eda\"}]},{\"@type\":\"WebSite\",\"@id\":\"https:\\\/\\\/aistaxconsulting.com\\\/#website\",\"url\":\"https:\\\/\\\/aistaxconsulting.com\\\/\",\"name\":\"AIS Tax &amp; Consulting\",\"description\":\"Tax &amp; Consulting\",\"publisher\":{\"@id\":\"https:\\\/\\\/aistaxconsulting.com\\\/#organization\"},\"potentialAction\":[{\"@type\":\"SearchAction\",\"target\":{\"@type\":\"EntryPoint\",\"urlTemplate\":\"https:\\\/\\\/aistaxconsulting.com\\\/?s={search_term_string}\"},\"query-input\":{\"@type\":\"PropertyValueSpecification\",\"valueRequired\":true,\"valueName\":\"search_term_string\"}}],\"inLanguage\":\"en-US\"},{\"@type\":\"Organization\",\"@id\":\"https:\\\/\\\/aistaxconsulting.com\\\/#organization\",\"name\":\"AIS Tax &amp; Consulting\",\"url\":\"https:\\\/\\\/aistaxconsulting.com\\\/\",\"logo\":{\"@type\":\"ImageObject\",\"inLanguage\":\"en-US\",\"@id\":\"https:\\\/\\\/aistaxconsulting.com\\\/#\\\/schema\\\/logo\\\/image\\\/\",\"url\":\"https:\\\/\\\/aistaxconsulting.com\\\/wp-content\\\/uploads\\\/2023\\\/04\\\/AIS-TAX-AND-CONSULTING.png\",\"contentUrl\":\"https:\\\/\\\/aistaxconsulting.com\\\/wp-content\\\/uploads\\\/2023\\\/04\\\/AIS-TAX-AND-CONSULTING.png\",\"width\":1134,\"height\":487,\"caption\":\"AIS Tax &amp; Consulting\"},\"image\":{\"@id\":\"https:\\\/\\\/aistaxconsulting.com\\\/#\\\/schema\\\/logo\\\/image\\\/\"},\"sameAs\":[\"https:\\\/\\\/www.facebook.com\\\/profile.php?id=100091985262217\",\"https:\\\/\\\/instagram.com\\\/asitaxconsulting\"]}]}<\/script>\n<!-- \/ Yoast SEO plugin. -->","yoast_head_json":{"title":"Agenda tu asesor\u00eda - AIS Tax &amp; Consulting","robots":{"index":"index","follow":"follow","max-snippet":"max-snippet:-1","max-image-preview":"max-image-preview:large","max-video-preview":"max-video-preview:-1"},"canonical":"https:\/\/aistaxconsulting.com\/en\/agenda-tu-asesoria\/","og_locale":"en_US","og_type":"article","og_title":"Agenda tu asesor\u00eda - AIS Tax &amp; Consulting","og_description":"AGENDA TU ASESOR\u00cdA Con AIS Tax &amp; Consulting obt\u00e9n asesor\u00eda personalizada Agenda tu asesor\u00eda hoy y descubre c\u00f3mo podemos ayudarte paso a paso. Contacto (781) 712-9405 Email info@aistaxconsulting.com","og_url":"https:\/\/aistaxconsulting.com\/en\/agenda-tu-asesoria\/","og_site_name":"AIS Tax &amp; Consulting","article_publisher":"https:\/\/www.facebook.com\/profile.php?id=100091985262217","article_modified_time":"2025-12-10T14:45:09+00:00","twitter_card":"summary_large_image","twitter_misc":{"Est. reading time":"1 minute"},"schema":{"@context":"https:\/\/schema.org","@graph":[{"@type":"WebPage","@id":"https:\/\/aistaxconsulting.com\/agenda-tu-asesoria\/","url":"https:\/\/aistaxconsulting.com\/agenda-tu-asesoria\/","name":"Agenda tu asesor\u00eda - AIS Tax &amp; Consulting","isPartOf":{"@id":"https:\/\/aistaxconsulting.com\/#website"},"datePublished":"2025-12-10T03:16:31+00:00","dateModified":"2025-12-10T14:45:09+00:00","breadcrumb":{"@id":"https:\/\/aistaxconsulting.com\/agenda-tu-asesoria\/#breadcrumb"},"inLanguage":"en-US","potentialAction":[{"@type":"ReadAction","target":["https:\/\/aistaxconsulting.com\/agenda-tu-asesoria\/"]}]},{"@type":"BreadcrumbList","@id":"https:\/\/aistaxconsulting.com\/agenda-tu-asesoria\/#breadcrumb","itemListElement":[{"@type":"ListItem","position":1,"name":"Home","item":"https:\/\/aistaxconsulting.com\/"},{"@type":"ListItem","position":2,"name":"Agenda tu asesor\u00eda"}]},{"@type":"WebSite","@id":"https:\/\/aistaxconsulting.com\/#website","url":"https:\/\/aistaxconsulting.com\/","name":"AIS Tax &amp; Consulting","description":"Tax &amp; Consulting","publisher":{"@id":"https:\/\/aistaxconsulting.com\/#organization"},"potentialAction":[{"@type":"SearchAction","target":{"@type":"EntryPoint","urlTemplate":"https:\/\/aistaxconsulting.com\/?s={search_term_string}"},"query-input":{"@type":"PropertyValueSpecification","valueRequired":true,"valueName":"search_term_string"}}],"inLanguage":"en-US"},{"@type":"Organization","@id":"https:\/\/aistaxconsulting.com\/#organization","name":"AIS Tax &amp; Consulting","url":"https:\/\/aistaxconsulting.com\/","logo":{"@type":"ImageObject","inLanguage":"en-US","@id":"https:\/\/aistaxconsulting.com\/#\/schema\/logo\/image\/","url":"https:\/\/aistaxconsulting.com\/wp-content\/uploads\/2023\/04\/AIS-TAX-AND-CONSULTING.png","contentUrl":"https:\/\/aistaxconsulting.com\/wp-content\/uploads\/2023\/04\/AIS-TAX-AND-CONSULTING.png","width":1134,"height":487,"caption":"AIS Tax &amp; Consulting"},"image":{"@id":"https:\/\/aistaxconsulting.com\/#\/schema\/logo\/image\/"},"sameAs":["https:\/\/www.facebook.com\/profile.php?id=100091985262217","https:\/\/instagram.com\/asitaxconsulting"]}]}},"_links":{"self":[{"href":"https:\/\/aistaxconsulting.com\/en\/wp-json\/wp\/v2\/pages\/827","targetHints":{"allow":["GET"]}}],"collection":[{"href":"https:\/\/aistaxconsulting.com\/en\/wp-json\/wp\/v2\/pages"}],"about":[{"href":"https:\/\/aistaxconsulting.com\/en\/wp-json\/wp\/v2\/types\/page"}],"author":[{"embeddable":true,"href":"https:\/\/aistaxconsulting.com\/en\/wp-json\/wp\/v2\/users\/1"}],"replies":[{"embeddable":true,"href":"https:\/\/aistaxconsulting.com\/en\/wp-json\/wp\/v2\/comments?post=827"}],"version-history":[{"count":5,"href":"https:\/\/aistaxconsulting.com\/en\/wp-json\/wp\/v2\/pages\/827\/revisions"}],"predecessor-version":[{"id":867,"href":"https:\/\/aistaxconsulting.com\/en\/wp-json\/wp\/v2\/pages\/827\/revisions\/867"}],"wp:attachment":[{"href":"https:\/\/aistaxconsulting.com\/en\/wp-json\/wp\/v2\/media?parent=827"}],"curies":[{"name":"wp","href":"https:\/\/api.w.org\/{rel}","templated":true}]}}